{"id":19,"date":"2019-10-23T08:20:12","date_gmt":"2019-10-23T08:20:12","guid":{"rendered":"https:\/\/ptarch.quikfox-lab.com\/?page_id=19"},"modified":"2025-04-14T14:25:42","modified_gmt":"2025-04-14T14:25:42","slug":"office","status":"publish","type":"page","link":"https:\/\/www.ptarch.ch\/en\/office\/","title":{"rendered":"Office"},"content":{"rendered":"<div class=\"wpb-content-wrapper\"><p>[vc_row el_class=&#8221;buro-page&#8221;][vc_column][vc_custom_heading text=&#8221;Team&#8221; font_container=&#8221;tag:h3|text_align:center&#8221; use_theme_fonts=&#8221;yes&#8221;][vc_column_text css=&#8221;&#8221;]<\/p>\n<p style=\"text-align: center;\">Sophie Bastianutti<br \/>\nThibaut Dancoisne<br \/>\nJanna Held<br \/>\nSofia Karamysheva<br \/>\nT\u00fcnde K\u00f6nig<br \/>\nTom Mundy<br \/>\nPia Sch\u00e4tzle<br \/>\nIoannis Piertzovanis<br \/>\nHeinrich Toews<\/p>\n<p style=\"text-align: center;\"><!-- \/wp:paragraph --><\/p>\n<p>[\/vc_column_text][vc_empty_space height=&#8221;34px&#8221;][vc_custom_heading text=&#8221;Ehemalige&#8221; font_container=&#8221;tag:h3|text_align:center&#8221; use_theme_fonts=&#8221;yes&#8221;][vc_column_text css=&#8221;&#8221;]<\/p>\n<p style=\"text-align: center;\">Myriam M\u00fcller<br \/>\nLukasz Palczynski<br \/>\nMolly Ankers<br \/>\nGa\u00ebtan Iannone<br \/>\nNick Chadde<br \/>\nCami Minger<br \/>\nArtur Gorski<\/p>\n<p>[\/vc_column_text][\/vc_column][\/vc_row][vc_row css=&#8221;.vc_custom_1622669579242{margin-top: 0px !important;margin-bottom: 0px !important;border-top-width: 0px !important;border-bottom-width: 0px !important;padding-top: 0px !important;padding-bottom: 0px !important;}&#8221;][vc_column][vc_raw_html]JTNDZGl2JTIwY2xhc3MlM0QlMjJtb2RhbCUyMGZhZGUlMjIlMjBpZCUzRCUyMm15Q1ZNb2RhbCUyMiUyMHRhYmluZGV4JTNEJTIyLTElMjIlMjByb2xlJTNEJTIyZGlhbG9nJTIyJTIwYXJpYS1sYWJlbGxlZGJ5JTNEJTIybXlNb2RhbExhYmVsJTIyJTIwYXJpYS1oaWRkZW4lM0QlMjJ0cnVlJTIyJTNFJTBBJTIwJTIwJTIwJTIwJTNDZGl2JTIwY2xhc3MlM0QlMjJtb2RhbC1jb250ZW50JTIwbW9kYWwtY3YtY29udGVudCUyMiUzRSUwQSUwOSUwOSUzQ2RpdiUyMGNsYXNzJTNEJTIybW9kYWwtY29udGVudC1DViUyMiUzRSUwQSUwOSUwOSUwOSUzQ2gzJTNFSW9hbm5pcyUyMFBpZXJ0em92YW5pcyUzQyUyRmgzJTNFJTBBJTA5JTA5JTA5JTNDcCUzRTIwMTklMjBGb3VuZGluZyUyMFBpZXJ0em92YW5pcyUyMFRvZXdzJTNDJTJGcCUzRSUwQSUwOSUwOSUwOSUzQ3AlM0UyMDExJTIwJUUyJTgwJTkzJTIwMjAxOCUyMENvbGxhYm9yYXRpb24lMjB3aXRoJTIwTWFycXVlcyUyMEFyY2hpdGVrdGVuJTIwQUclMjBMdWNlcm5lJTNDJTJGcCUzRSUwQSUwOSUwOSUwOSUzQ2RpdiUyMGNsYXNzJTNEJTIydmNfZW1wdHlfc3BhY2UlMjIlMjBzdHlsZSUzRCUyMmhlaWdodCUzQSUyMDUwcHglMjIlM0UlM0NzcGFuJTIwY2xhc3MlM0QlMjJ2Y19lbXB0eV9zcGFjZV9pbm5lciUyMiUzRSUzQyUyRnNwYW4lM0UlM0MlMkZkaXYlM0UlMEElMDklMDklMDklM0NwJTNFMjAxMSUyMFRoZXNpcyUyMFByb2YuJTIwRGFuaWVsZSUyME1hcnF1ZXMlMjBLSVQlMjBLYXJsc3J1aGUlM0MlMkZwJTNFJTBBJTA5JTA5JTA5JTNDcCUzRTIwMDklMjBFbXBsb3llZCUyMGJ5JTIwRnJlaSUyMFNhYXJpbmVuJTIwQXJjaGl0ZWt0ZW4lMjBadXJpY2glM0MlMkZwJTNFJTBBJTA5JTA5JTA5JTNDcCUzRTIwMDglMjAlRTIlODAlOTMlMjAyMDA5JTIwU3R1ZGllcyUyMGluJTIwQXJjaGl0ZWN0dXJlJTIwYXQlMjB0aGUlMjBFVEglMjBadXJpY2glMEElMDklMDklMDkyMDA3JTIwJUUyJTgwJTkzJTIwMjAwOCUyMFBJbnRlcm5zaGlwJTIwYXQlMjBNYXJxdWVzJTIwQXJjaGl0ZWt0ZW4lMjBBRyUyMEx1Y2VybmUlM0MlMkZwJTNFJTBBJTA5JTA5JTA5JTNDcCUzRTIwMDQlMjAlRTIlODAlOTMlMjAyMDExJTIwU3R1ZGllcyUyMGluJTIwQXJjaGl0ZWN0dXJlJTIwYXQlMjB0aGUlMjBLSVQlMjBLYXJsc3J1aGUlM0MlMkZwJTNFJTBBJTA5JTA5JTA5JTNDZGl2JTIwY2xhc3MlM0QlMjJ2Y19lbXB0eV9zcGFjZSUyMiUyMHN0eWxlJTNEJTIyaGVpZ2h0JTNBJTIwMzBweCUyMiUzRSUzQ3NwYW4lMjBjbGFzcyUzRCUyMnZjX2VtcHR5X3NwYWNlX2lubmVyJTIyJTNFJTNDJTJGc3BhbiUzRSUzQyUyRmRpdiUzRSUwQSUwOSUwOSUwOSUzQ3AlM0UlMkI0MSUyMDc2JTIwMjE1JTIwMDIlMjA4OCUwQSUwOSUwOSUwOSUzQ2ElMjBocmVmJTNEJTIybWFpbHRvJTNBcGllcnR6b3ZhbmlzJTQwcHRhcmNoLmNoJTIyJTNFcGllcnR6b3ZhbmlzJTQwcHRhcmNoLmNoJTNDJTJGYSUzRSUzQyUyRnAlM0UlMEElMjAlMjAlMjAlMjAlMDklM0MlMkZkaXYlM0UlMEElMjAlMjAlMjAlMjAlMjAlMjAlMjAlMjAlM0NkaXYlMjBjbGFzcyUzRCUyMm1vZGFsLWNvbnRlbnQtQ1YlMjIlM0UlMEElMDklMDklMDklM0NoMyUzRUhlaW5yaWNoJTIwVG9ld3MlM0MlMkZoMyUzRSUwQSUwOSUwOSUwOSUzQ3AlM0UyMDE5JTIwRm91bmRpbmclMjBQaWVydHpvdmFuaXMlMjBUb2V3cyUwOSUzQyUyRnAlM0UlMEElMDklMDklMDklM0NwJTNFMjAxMyUyMCVFMiU4MCU5MyUyMDIwMTglMjBDb2xsYWJvcmF0aW9uJTIwd2l0aCUyME1pbGxlciUyME1hcmFudGElMjBBcmNoaXRla3RlbiUyMEFHJTIwQmFzZWwlMEElMDklMDklMDkyMDEyJTIwJUUyJTgwJTkzJTIwMjAxMyUyMFJlc2VhcmNoJTIwUHJvamVjdCUyMFNvdmlldCUyMG1vZGVybiUyMCUyOERBQUQlMjBTY2hvbGFyc2hpcCUyOSUwQSUwOSUwOSUwOTIwMTIlMjBDb2xsYWJvcmF0aW9uJTIwd2l0aCUyMEIlQzMlQkNybyUyMEtvbnN0cnVrdCUyMEx1Y2VybmUlMEElMDklMDklMDkyMDExJTIwJUUyJTgwJTkzJTIwMjAxMyUyMEluZGVwZW5kZW50JTIwQXJjaGl0ZWN0JTIwaW4lMjBOb3R0aW5naGFtJTNDJTJGcCUzRSUwQSUwOSUwOSUwOSUzQ3AlM0UyMDExJTIwVGhlc2lzJTIwUHJvZi4lMjBEYW5pZWxlJTIwTWFycXVlcyUyMEtJVCUyMEthcmxzcnVoZSUzQyUyRnAlM0UlMEElMDklMDklMDklM0NwJTNFMjAwOSUyMENvbGxhYm9yYXRpb24lMjB3aXRoJTIwTG9lbGlnZXIlMjBTdHJ1YiUyMEFyY2hpdGVrdGVuJTIwWnVyaWNoJTNDJTJGcCUzRSUwQSUwOSUwOSUwOSUzQ3AlM0UyMDA4JTIwJUUyJTgwJTkzJTIwMjAwOSUyMFN0dWRpZXMlMjBpbiUyMEFyY2hpdGVjdHVyZSUyMGF0JTIwdGhlJTIwRVRIJTIwWiVDMyVCQ3JpY2glMEElMDklMDklMDkyMDA3JTIwJUUyJTgwJTkzJTIwMjAwOCUyMEludGVybnNoaXAlMjBhdCUyMEdyYWJlciUyMFB1bHZlciUyMEFyY2hpdGVrdGVuJTIwQUclMjBadXJpY2glM0MlMkZwJTNFJTBBJTA5JTA5JTA5JTNDcCUzRTIwMDQlMjAlRTIlODAlOTMlMjAyMDExJTIwU3R1ZGllcyUyMGluJTIwQXJjaGl0ZWN0dXJlJTIwYXQlMjB0aGUlMjBLSVQlMjBLYXJsc3J1aGUlM0MlMkZwJTNFJTBBJTA5JTA5JTA5JTNDZGl2JTIwY2xhc3MlM0QlMjJ2Y19lbXB0eV9zcGFjZSUyMiUyMHN0eWxlJTNEJTIyaGVpZ2h0JTNBJTIwMzBweCUyMiUzRSUzQ3NwYW4lMjBjbGFzcyUzRCUyMnZjX2VtcHR5X3NwYWNlX2lubmVyJTIyJTNFJTNDJTJGc3BhbiUzRSUzQyUyRmRpdiUzRSUwQSUwOSUwOSUwOSUzQ3AlM0UlMkI0MSUyMDc4JTIwNjIzJTIwMzUlMjAzNSUwQSUwOSUwOSUwOSUzQ2ElMjBocmVmJTNEJTIybWFpbHRvJTNBdG9ld3MlNDBwdGFyY2guY2glMjIlM0V0b2V3cyU0MHB0YXJjaC5jaCUzQyUyRmElM0UlM0MlMkZwJTNFJTBBJTIwJTIwJTIwJTIwJTIwJTIwJTIwJTIwJTNDJTJGZGl2JTNFJTBBJTIwJTIwJTIwJTIwJTNDJTJGZGl2JTNFJTBBJTNDJTJGZGl2JTNFJTBBJTBBJTNDYnV0dG9uJTIwaWQlM0QlMjJteUJ0bkNWJTIyJTIwY2xhc3MlM0QlMjJidG4lMjBidG4tcHJpbWFyeSUyMGJ0bi1sZyUyMiUyMGRhdGEtdG9nZ2xlJTNEJTIybW9kYWwlMjIlMjBkYXRhLXRhcmdldCUzRCUyMiUyM215Q1ZNb2RhbCUyMiUzRSUzQyUyRmJ1dHRvbiUzRQ==[\/vc_raw_html][\/vc_column][\/vc_row][vc_row css=&#8221;.vc_custom_1622669589208{margin-top: 0px !important;margin-bottom: 0px !important;border-top-width: 0px !important;border-bottom-width: 0px !important;padding-top: 0px !important;padding-bottom: 0px !important;}&#8221;][vc_column][vc_raw_js]JTNDc2NyaXB0JTNFJTIwJTBBJTBBalF1ZXJ5JTI4ZG9jdW1lbnQlMjkucmVhZHklMjhmdW5jdGlvbiUyMCUyOCUyOSUyMCU3QiUwQSUyMCUyMCUyMCUyMCUyMCUyMCUwQSUyMCUyMCUyMCUyMGpRdWVyeSUyOCUyMiUyM215QnRuQ1YlMjIlMjkuY2xpY2slMjhmdW5jdGlvbiUyOCUyOSU3QiUwQSUyMCUyMCUyMCUyMCUyMCUyMCUyMCUyMCUyMGpRdWVyeSUyOCUyMiUyM215Q1ZNb2RhbCUyMiUyOS5mYWRlSW4lMjglMjklM0IlMEElMjAlMjAlMjAlMjAlN0QlMjklM0IlMEFqUXVlcnklMjglMjIuY2xvc2UlMkMlMjAlMjNteUNWTW9kYWwlMjIlMjkuY2xpY2slMjhmdW5jdGlvbiUyMCUyOCUyOSUyMCU3QiUwQSUyMCUyMCUyMCUyMCUyMCUyMCUyMCUyMCUyMCUyMCUyMCUyMCUyMCUyMCUyMCUyMCUyMCUyMCUyMCUyMCUyMCUyMCUyMCUyMGpRdWVyeSUyOCUyMiUyM215Q1ZNb2RhbCUyMiUyOS5mYWRlT3V0JTI4JTI5JTNCJTBBJTIwJTIwJTIwJTIwJTIwJTIwJTIwJTIwJTIwJTIwJTIwJTIwJTIwJTIwJTIwJTIwJTIwJTIwJTIwJTIwJTdEJTI5JTBBJTdEJTI5JTNCJTBBJTBBJTNDJTJGc2NyaXB0JTNFJTBBJTBBJTBBJTIwJTIwJTIwJTIwJTIwJTIwJTIwJTIwJTIwJTIwJTIwJTIw[\/vc_raw_js][\/vc_column][\/vc_row]<\/p>\n<\/div>","protected":false},"excerpt":{"rendered":"[vc_row el_class=&#8221;buro-page&#8221;][vc_column][vc_custom_heading text=&#8221;Team&#8221; font_container=&#8221;tag:h3|text_align:center&#8221; use_theme_fonts=&#8221;yes&#8221;][vc_column_text css=&#8221;&#8221;] Sophie Bastianutti Thibaut Dancoisne Janna Held Sofia Karamysheva T\u00fcnde K\u00f6nig Tom Mundy Pia Sch\u00e4tzle Ioannis Piertzovanis Heinrich Toews [\/vc_column_text][vc_empty_space height=&#8221;34px&#8221;][vc_custom_heading text=&#8221;Ehemalige&#8221; font_container=&#8221;tag:h3|text_align:center&#8221; use_theme_fonts=&#8221;yes&#8221;][vc_column_text css=&#8221;&#8221;] Myriam M\u00fcller Lukasz Palczynski Molly Ankers Ga\u00ebtan Iannone Nick Chadde Cami Minger Artur Gorski [\/vc_column_text][\/vc_column][\/vc_row][vc_row css=&#8221;.vc_custom_1622669579242{margin-top: 0px !important;margin-bottom: 0px !important;border-top-width: 0px !important;border-bottom-width: 0px !important;padding-top: 0px&#8230; <a class=\"view-article\" href=\"https:\/\/www.ptarch.ch\/en\/office\/\">View Article<\/a>","protected":false},"author":1,"featured_media":0,"parent":0,"menu_order":0,"comment_status":"closed","ping_status":"closed","template":"","meta":{"_acf_changed":false,"footnotes":""},"class_list":["post-19","page","type-page","status-publish","hentry"],"acf":[],"yoast_head":"<!-- This site is optimized with the Yoast SEO plugin v23.9 - https:\/\/yoast.com\/wordpress\/plugins\/seo\/ -->\n<title>Office &#8226; PTarch<\/title>\n<meta name=\"robots\" content=\"index, follow, max-snippet:-1, max-image-preview:large, max-video-preview:-1\" \/>\n<link rel=\"canonical\" href=\"https:\/\/www.ptarch.ch\/en\/office\/\" \/>\n<meta property=\"og:locale\" content=\"en_US\" \/>\n<meta property=\"og:type\" content=\"article\" \/>\n<meta property=\"og:title\" content=\"Office &#8226; PTarch\" \/>\n<meta property=\"og:description\" content=\"[vc_row el_class=&#8221;buro-page&#8221;][vc_column][vc_custom_heading text=&#8221;Team&#8221; font_container=&#8221;tag:h3|text_align:center&#8221; use_theme_fonts=&#8221;yes&#8221;][vc_column_text css=&#8221;&#8221;] Sophie Bastianutti Thibaut Dancoisne Janna Held Sofia Karamysheva T\u00fcnde K\u00f6nig Tom Mundy Pia Sch\u00e4tzle Ioannis Piertzovanis Heinrich Toews [\/vc_column_text][vc_empty_space height=&#8221;34px&#8221;][vc_custom_heading text=&#8221;Ehemalige&#8221; font_container=&#8221;tag:h3|text_align:center&#8221; use_theme_fonts=&#8221;yes&#8221;][vc_column_text css=&#8221;&#8221;] Myriam M\u00fcller Lukasz Palczynski Molly Ankers Ga\u00ebtan Iannone Nick Chadde Cami Minger Artur Gorski [\/vc_column_text][\/vc_column][\/vc_row][vc_row css=&#8221;.vc_custom_1622669579242{margin-top: 0px !important;margin-bottom: 0px !important;border-top-width: 0px !important;border-bottom-width: 0px !important;padding-top: 0px... View Article\" \/>\n<meta property=\"og:url\" content=\"https:\/\/www.ptarch.ch\/en\/office\/\" \/>\n<meta property=\"og:site_name\" content=\"PTarch\" \/>\n<meta property=\"article:modified_time\" content=\"2025-04-14T14:25:42+00:00\" \/>\n<meta name=\"twitter:card\" content=\"summary_large_image\" \/>\n<meta name=\"twitter:label1\" content=\"Est. reading time\" \/>\n\t<meta name=\"twitter:data1\" content=\"1 minute\" \/>\n<script type=\"application\/ld+json\" class=\"yoast-schema-graph\">{\"@context\":\"https:\/\/schema.org\",\"@graph\":[{\"@type\":\"WebPage\",\"@id\":\"https:\/\/www.ptarch.ch\/en\/office\/\",\"url\":\"https:\/\/www.ptarch.ch\/en\/office\/\",\"name\":\"Office &#8226; PTarch\",\"isPartOf\":{\"@id\":\"https:\/\/www.ptarch.ch\/#website\"},\"datePublished\":\"2019-10-23T08:20:12+00:00\",\"dateModified\":\"2025-04-14T14:25:42+00:00\",\"breadcrumb\":{\"@id\":\"https:\/\/www.ptarch.ch\/en\/office\/#breadcrumb\"},\"inLanguage\":\"en-US\",\"potentialAction\":[{\"@type\":\"ReadAction\",\"target\":[\"https:\/\/www.ptarch.ch\/en\/office\/\"]}]},{\"@type\":\"BreadcrumbList\",\"@id\":\"https:\/\/www.ptarch.ch\/en\/office\/#breadcrumb\",\"itemListElement\":[{\"@type\":\"ListItem\",\"position\":1,\"name\":\"Startseite\",\"item\":\"https:\/\/www.ptarch.ch\/en\/\"},{\"@type\":\"ListItem\",\"position\":2,\"name\":\"Office\"}]},{\"@type\":\"WebSite\",\"@id\":\"https:\/\/www.ptarch.ch\/#website\",\"url\":\"https:\/\/www.ptarch.ch\/\",\"name\":\"PTarch\",\"description\":\"\",\"publisher\":{\"@id\":\"https:\/\/www.ptarch.ch\/#organization\"},\"potentialAction\":[{\"@type\":\"SearchAction\",\"target\":{\"@type\":\"EntryPoint\",\"urlTemplate\":\"https:\/\/www.ptarch.ch\/?s={search_term_string}\"},\"query-input\":{\"@type\":\"PropertyValueSpecification\",\"valueRequired\":true,\"valueName\":\"search_term_string\"}}],\"inLanguage\":\"en-US\"},{\"@type\":\"Organization\",\"@id\":\"https:\/\/www.ptarch.ch\/#organization\",\"name\":\"Piertzovanis Toews\",\"url\":\"https:\/\/www.ptarch.ch\/\",\"logo\":{\"@type\":\"ImageObject\",\"inLanguage\":\"en-US\",\"@id\":\"https:\/\/www.ptarch.ch\/#\/schema\/logo\/image\/\",\"url\":\"https:\/\/www.ptarch.ch\/wp-content\/uploads\/2020\/02\/PT_arch_logo_text.png\",\"contentUrl\":\"https:\/\/www.ptarch.ch\/wp-content\/uploads\/2020\/02\/PT_arch_logo_text.png\",\"width\":551,\"height\":46,\"caption\":\"Piertzovanis Toews\"},\"image\":{\"@id\":\"https:\/\/www.ptarch.ch\/#\/schema\/logo\/image\/\"}}]}<\/script>\n<!-- \/ Yoast SEO plugin. -->","yoast_head_json":{"title":"Office &#8226; PTarch","robots":{"index":"index","follow":"follow","max-snippet":"max-snippet:-1","max-image-preview":"max-image-preview:large","max-video-preview":"max-video-preview:-1"},"canonical":"https:\/\/www.ptarch.ch\/en\/office\/","og_locale":"en_US","og_type":"article","og_title":"Office &#8226; PTarch","og_description":"[vc_row el_class=&#8221;buro-page&#8221;][vc_column][vc_custom_heading text=&#8221;Team&#8221; font_container=&#8221;tag:h3|text_align:center&#8221; use_theme_fonts=&#8221;yes&#8221;][vc_column_text css=&#8221;&#8221;] Sophie Bastianutti Thibaut Dancoisne Janna Held Sofia Karamysheva T\u00fcnde K\u00f6nig Tom Mundy Pia Sch\u00e4tzle Ioannis Piertzovanis Heinrich Toews [\/vc_column_text][vc_empty_space height=&#8221;34px&#8221;][vc_custom_heading text=&#8221;Ehemalige&#8221; font_container=&#8221;tag:h3|text_align:center&#8221; use_theme_fonts=&#8221;yes&#8221;][vc_column_text css=&#8221;&#8221;] Myriam M\u00fcller Lukasz Palczynski Molly Ankers Ga\u00ebtan Iannone Nick Chadde Cami Minger Artur Gorski [\/vc_column_text][\/vc_column][\/vc_row][vc_row css=&#8221;.vc_custom_1622669579242{margin-top: 0px !important;margin-bottom: 0px !important;border-top-width: 0px !important;border-bottom-width: 0px !important;padding-top: 0px... View Article","og_url":"https:\/\/www.ptarch.ch\/en\/office\/","og_site_name":"PTarch","article_modified_time":"2025-04-14T14:25:42+00:00","twitter_card":"summary_large_image","twitter_misc":{"Est. reading time":"1 minute"},"schema":{"@context":"https:\/\/schema.org","@graph":[{"@type":"WebPage","@id":"https:\/\/www.ptarch.ch\/en\/office\/","url":"https:\/\/www.ptarch.ch\/en\/office\/","name":"Office &#8226; PTarch","isPartOf":{"@id":"https:\/\/www.ptarch.ch\/#website"},"datePublished":"2019-10-23T08:20:12+00:00","dateModified":"2025-04-14T14:25:42+00:00","breadcrumb":{"@id":"https:\/\/www.ptarch.ch\/en\/office\/#breadcrumb"},"inLanguage":"en-US","potentialAction":[{"@type":"ReadAction","target":["https:\/\/www.ptarch.ch\/en\/office\/"]}]},{"@type":"BreadcrumbList","@id":"https:\/\/www.ptarch.ch\/en\/office\/#breadcrumb","itemListElement":[{"@type":"ListItem","position":1,"name":"Startseite","item":"https:\/\/www.ptarch.ch\/en\/"},{"@type":"ListItem","position":2,"name":"Office"}]},{"@type":"WebSite","@id":"https:\/\/www.ptarch.ch\/#website","url":"https:\/\/www.ptarch.ch\/","name":"PTarch","description":"","publisher":{"@id":"https:\/\/www.ptarch.ch\/#organization"},"potentialAction":[{"@type":"SearchAction","target":{"@type":"EntryPoint","urlTemplate":"https:\/\/www.ptarch.ch\/?s={search_term_string}"},"query-input":{"@type":"PropertyValueSpecification","valueRequired":true,"valueName":"search_term_string"}}],"inLanguage":"en-US"},{"@type":"Organization","@id":"https:\/\/www.ptarch.ch\/#organization","name":"Piertzovanis Toews","url":"https:\/\/www.ptarch.ch\/","logo":{"@type":"ImageObject","inLanguage":"en-US","@id":"https:\/\/www.ptarch.ch\/#\/schema\/logo\/image\/","url":"https:\/\/www.ptarch.ch\/wp-content\/uploads\/2020\/02\/PT_arch_logo_text.png","contentUrl":"https:\/\/www.ptarch.ch\/wp-content\/uploads\/2020\/02\/PT_arch_logo_text.png","width":551,"height":46,"caption":"Piertzovanis Toews"},"image":{"@id":"https:\/\/www.ptarch.ch\/#\/schema\/logo\/image\/"}}]}},"_links":{"self":[{"href":"https:\/\/www.ptarch.ch\/en\/wp-json\/wp\/v2\/pages\/19","targetHints":{"allow":["GET"]}}],"collection":[{"href":"https:\/\/www.ptarch.ch\/en\/wp-json\/wp\/v2\/pages"}],"about":[{"href":"https:\/\/www.ptarch.ch\/en\/wp-json\/wp\/v2\/types\/page"}],"author":[{"embeddable":true,"href":"https:\/\/www.ptarch.ch\/en\/wp-json\/wp\/v2\/users\/1"}],"replies":[{"embeddable":true,"href":"https:\/\/www.ptarch.ch\/en\/wp-json\/wp\/v2\/comments?post=19"}],"version-history":[{"count":66,"href":"https:\/\/www.ptarch.ch\/en\/wp-json\/wp\/v2\/pages\/19\/revisions"}],"predecessor-version":[{"id":1311,"href":"https:\/\/www.ptarch.ch\/en\/wp-json\/wp\/v2\/pages\/19\/revisions\/1311"}],"wp:attachment":[{"href":"https:\/\/www.ptarch.ch\/en\/wp-json\/wp\/v2\/media?parent=19"}],"curies":[{"name":"wp","href":"https:\/\/api.w.org\/{rel}","templated":true}]}}